{"id":62,"date":"2014-04-25T16:03:11","date_gmt":"2014-04-25T14:03:11","guid":{"rendered":"http:\/\/affittopinzolo.com\/?page_id=62"},"modified":"2024-03-10T15:26:08","modified_gmt":"2024-03-10T14:26:08","slug":"appartamenti-a-vigo-rendena","status":"publish","type":"page","link":"https:\/\/affittopinzolo.com\/?page_id=62","title":{"rendered":"Appartamento a Vigo Rendena &#8211; anche in vendita!"},"content":{"rendered":"<p>Appartamento in affitto localizzato in una <strong>piccola palazzina ristrutturata nel 2010 a Vigo Rendena<\/strong>, a soli 10 minuti da Pinzolo.<\/p>\n<p>Vigo Rendena \u00e8 un piccolo e tranquillo paese nel cuore del Parco Adamello Brenta.<\/p>\n<p>L&#8217;appartamento \u00e8 situato in centro al paese, al secondo piano con entrata indipendente.<\/p>\n<p>Si sviluppa su due piani ed \u00e8 composto, al primo livello, da un&#8217;ampia zona giorno, con angolo cottura, zona pranzo e soggiorno con divano letto matrimoniale, una stanza da letto a due posti ed un bagno\/doccia; al secondo livello mansardato &#8211; al quale si accede con comoda scala interna &#8211; si trovano due ampie stanze da letto (una matrimoniale ed una a tre letti), ampio bagno con doccia e vasca. L&#8217;appartamento \u00e8 completo di tutti i comfort: televisore, lavastoviglie, lavatrice, asciugacapelli, stendibiancheria e ferro da stiro.\u00a0E&#8217; dotato di stufa a <em>pellet<\/em>.<\/p>\n<p>Posto auto e cantina privata.<\/p>\n<p>Ideale per famiglie &#8211; 7\/9 posti letto.<\/p>\n<p>Gli animali non sono graditi.<\/p>\n<p>Termo-autonomo con caldaia GPL.<\/p>\n<p><strong>L&#8217;APPARTAMENTO E&#8217; ANCHE IN VENDITA!!!\u00a0<\/strong><\/p>\n<p><strong>NON FARTI SFUGGIERE QUESTA OTTIMA OCCASIONE ANCHE PER INVESTIMENTO!!!\u00a0<\/strong><\/p>\n<p><strong>Vigo Rendena<\/strong><\/p>\n<p>Vigo Rendena sorge al centro della Val Rendena, a pochi chilometri dai centri sciistici e naturalistici delle Dolomiti di Brenta! Si trova a poca distanza\u00a0dalla piscina comunale di Spiazzo Rendena e dalle Terme di S. Antonio di Caderzone. Si accede, inoltre, alla pista ciclabile che collega tutta la valle; \u00e8 presente un\u00a0parco giochi per bambini, un\u00a0bici-grill ed un\u00a0laghetto per la pesca sportiva.<\/p>\n","protected":false},"excerpt":{"rendered":"<p>Appartamento in affitto localizzato in una piccola palazzina ristrutturata nel 2010 a Vigo Rendena, a soli 10 minuti da Pinzolo. Vigo Rendena \u00e8 un piccolo e tranquillo paese nel cuore del Parco Adamello Brenta. L&#8217;appartamento \u00e8 situato in centro al paese, al secondo piano con entrata indipendente. Si sviluppa su due piani ed \u00e8 composto, &hellip; <a href=\"https:\/\/affittopinzolo.com\/?page_id=62\" class=\"more-link\">Continua la lettura di <span class=\"screen-reader-text\">Appartamento a Vigo Rendena &#8211; anche in vendita!<\/span> <span class=\"meta-nav\">&rarr;<\/span><\/a><\/p>\n","protected":false},"author":1,"featured_media":63,"parent":0,"menu_order":3,"comment_status":"closed","ping_status":"closed","template":"","meta":{"footnotes":""},"_links":{"self":[{"href":"https:\/\/affittopinzolo.com\/index.php?rest_route=\/wp\/v2\/pages\/62"}],"collection":[{"href":"https:\/\/affittopinzolo.com\/index.php?rest_route=\/wp\/v2\/pages"}],"about":[{"href":"https:\/\/affittopinzolo.com\/index.php?rest_route=\/wp\/v2\/types\/page"}],"author":[{"embeddable":true,"href":"https:\/\/affittopinzolo.com\/index.php?rest_route=\/wp\/v2\/users\/1"}],"replies":[{"embeddable":true,"href":"https:\/\/affittopinzolo.com\/index.php?rest_route=%2Fwp%2Fv2%2Fcomments&post=62"}],"version-history":[{"count":19,"href":"https:\/\/affittopinzolo.com\/index.php?rest_route=\/wp\/v2\/pages\/62\/revisions"}],"predecessor-version":[{"id":420,"href":"https:\/\/affittopinzolo.com\/index.php?rest_route=\/wp\/v2\/pages\/62\/revisions\/420"}],"wp:featuredmedia":[{"embeddable":true,"href":"https:\/\/affittopinzolo.com\/index.php?rest_route=\/wp\/v2\/media\/63"}],"wp:attachment":[{"href":"https:\/\/affittopinzolo.com\/index.php?rest_route=%2Fwp%2Fv2%2Fmedia&parent=62"}],"curies":[{"name":"wp","href":"https:\/\/api.w.org\/{rel}","templated":true}]}}