{"id":74,"date":"2014-04-25T17:34:35","date_gmt":"2014-04-25T15:34:35","guid":{"rendered":"http:\/\/affittopinzolo.com\/?page_id=74"},"modified":"2023-01-21T15:53:18","modified_gmt":"2023-01-21T14:53:18","slug":"pinzolo-e-la-val-rendena","status":"publish","type":"page","link":"https:\/\/affittopinzolo.com\/?page_id=74","title":{"rendered":"Pinzolo e la Val Rendena"},"content":{"rendered":"<p>Grazie alla posizione assolutamente strategica Pinzolo \u00e8, insieme a Madonna di Campiglio, centro turistico estremamente organizzato ed attrezzato, all&#8217;interno del Parco Naturale Adamello-Brenta (patrimonio UNESCO).<\/p>\n<p>Dominato dalle spettacolari pareti granitiche dell&#8217;Adamello-Presanella e dalle guglie dolomitiche, circondato da pinete, per il suo clima mite Pinzolo e la Val Rendena si adattano particolarmente alle esigenze delle famiglie, dai bimbi piccoli ai nonni.<\/p>\n<p><strong>COSA FARE &#8230; NELLA STAGIONE ESTIVA<\/strong><\/p>\n<p>L&#8217;intera Val Rendena offre la possibilit\u00e0 di\u00a0compiere numerose facili passeggiate verso le malghe, come pure percorsi pi\u00f9 impegnativi verso i rifugi in alta quota.<\/p>\n<p>Per chi ama le due ruote, la Val Rendena \u00e8 il luogo ideale. Le numerose\u00a0strade (sterrate e forestali) e stradine di montagna offrono percorsi adatti a tutte le esigenze. Pi\u00f9 di 20 percorsi per la mountain bike si snodano lungo la valle sino ai principali rifugi di Madonna di Campiglio e della Val di Genova.<\/p>\n<p>Per chi preferisce pedalate pi\u00f9 tranquille, un&#8217;attrezzatissima pista ciclabile, con punti di sosta, bici-grill e laghi di pesca sportiva, attraversa l&#8217;intera Val Rendena.<\/p>\n<p><strong>COSA FARE &#8230;NELLA STAGIONE INVERNALE<\/strong><\/p>\n<p>Il comprensorio sciistico della localit\u00e0 presenta un buon numero di piste ben curate e servite da impianti moderni.\u00a0I tracciati, soprattutto di media difficolt\u00e0, sono adatti a sciatori principianti mentre i pi\u00f9 esigenti potranno trovare i giusti pendii per migliorare la propria tecnica.<\/p>\n<p>Dal 2012 \u00e8 disponibile il nuovo collegamento funiviario che unisce Pinzolo a Madonna di Campiglio; garantisce 150 km di piste collegate, sci ai piedi.\u00a0La zona sciistica si estende da Pinzolo fino a Folgarida &#8211; Marilleva.<\/p>\n<p>Nel carosello di Pinzolo, per chi ama le grandi emozioni sullo sci, non pu\u00f2 mancare una discesa sulla nuova adrenalinica pista Tulot-Audi4, una delle nere pi\u00f9 impegnative e sfidanti d&#8217;Italia.<\/p>\n<p>Da Pinzolo partono anche escursioni scialpinistiche o con racchette da neve (ciaspole) di ogni livello e passeggiate nel vicino parco dell&#8217;Adamello-Brenta.<\/p>\n<p><strong>CULTURA<\/strong><\/p>\n<p>Ancora oggi Pinzolo e la Val Rendena portano orgogliosamente i segni della storia e della sua arte nelle chiese, fra le quali particolarmente degna di nota \u00e8 la Chiesa di San Vigilio a Pinzolo: costruita nel XIV secolo e ampliata nel 1515, \u00e8 annoverata tra i pi\u00f9 importanti monumenti del Trentino per la facciata meridionale affrescata nel 1539 da Simone Baschenis.\u00a0I dipinti mostrano due rappresentazioni allegoriche: la Danza macabra e i Sette peccati capitali.<\/p>\n<p>Pinzolo \u00e8 fornita da una moderna biblioteca comunale che offre numerosi servizi (wi-fi gratuito, quotidiani locali, nazionali ed esteri in visione, prestiti di libri e DVD) ed organizza vari eventi culturali.<\/p>\n<p>Per maggiori informazioni ed indicazioni sugli eventi e le mille opportunit\u00e0 offerte dalla nostra zona, visita il sito <a href=\"http:\/\/www.campigliodolomiti.it\/homepage\" target=\"_blank\" rel=\"noopener\">dell&#8217; APT di Madonna di Campiglio &#8211; Pinzolo &#8211; Val Rendena<\/a><\/p>\n","protected":false},"excerpt":{"rendered":"<p>Grazie alla posizione assolutamente strategica Pinzolo \u00e8, insieme a Madonna di Campiglio, centro turistico estremamente organizzato ed attrezzato, all&#8217;interno del Parco Naturale Adamello-Brenta (patrimonio UNESCO). Dominato dalle spettacolari pareti granitiche dell&#8217;Adamello-Presanella e dalle guglie dolomitiche, circondato da pinete, per il suo clima mite Pinzolo e la Val Rendena si adattano particolarmente alle esigenze delle famiglie, &hellip; <a href=\"https:\/\/affittopinzolo.com\/?page_id=74\" class=\"more-link\">Continua la lettura di <span class=\"screen-reader-text\">Pinzolo e la Val Rendena<\/span> <span class=\"meta-nav\">&rarr;<\/span><\/a><\/p>\n","protected":false},"author":1,"featured_media":0,"parent":0,"menu_order":1,"comment_status":"closed","ping_status":"closed","template":"","meta":{"footnotes":""},"_links":{"self":[{"href":"https:\/\/affittopinzolo.com\/index.php?rest_route=\/wp\/v2\/pages\/74"}],"collection":[{"href":"https:\/\/affittopinzolo.com\/index.php?rest_route=\/wp\/v2\/pages"}],"about":[{"href":"https:\/\/affittopinzolo.com\/index.php?rest_route=\/wp\/v2\/types\/page"}],"author":[{"embeddable":true,"href":"https:\/\/affittopinzolo.com\/index.php?rest_route=\/wp\/v2\/users\/1"}],"replies":[{"embeddable":true,"href":"https:\/\/affittopinzolo.com\/index.php?rest_route=%2Fwp%2Fv2%2Fcomments&post=74"}],"version-history":[{"count":6,"href":"https:\/\/affittopinzolo.com\/index.php?rest_route=\/wp\/v2\/pages\/74\/revisions"}],"predecessor-version":[{"id":403,"href":"https:\/\/affittopinzolo.com\/index.php?rest_route=\/wp\/v2\/pages\/74\/revisions\/403"}],"wp:attachment":[{"href":"https:\/\/affittopinzolo.com\/index.php?rest_route=%2Fwp%2Fv2%2Fmedia&parent=74"}],"curies":[{"name":"wp","href":"https:\/\/api.w.org\/{rel}","templated":true}]}}